{"id":186,"date":"2024-01-18T11:26:46","date_gmt":"2024-01-18T14:26:46","guid":{"rendered":"https:\/\/pousadanativajeri.hostconfidence.com.br\/?page_id=186"},"modified":"2024-03-16T19:18:47","modified_gmt":"2024-03-16T22:18:47","slug":"cafe-da-manha","status":"publish","type":"page","link":"https:\/\/pousadavilarejoplus.com.br\/index.php\/cafe-da-manha\/","title":{"rendered":"Caf\u00e9 da Manh\u00e3"},"content":{"rendered":"<style>.elementor-186 .elementor-element.elementor-element-37669c50{--display:flex;--min-height:600px;--flex-direction:column;--container-widget-width:calc( ( 1 - var( --container-widget-flex-grow ) ) * 100% );--container-widget-height:initial;--container-widget-flex-grow:0;--container-widget-align-self:initial;--flex-wrap-mobile:wrap;--justify-content:center;--align-items:center;--overlay-opacity:1;--padding-top:0px;--padding-bottom:0px;--padding-left:20px;--padding-right:20px;}.elementor-186 .elementor-element.elementor-element-37669c50:not(.elementor-motion-effects-element-type-background), .elementor-186 .elementor-element.elementor-element-37669c50 > .elementor-motion-effects-container > .elementor-motion-effects-layer{background-image:url(\"https:\/\/pousadavilarejoplus.com.br\/wp-content\/uploads\/2024\/03\/slide_cafe_da_manha.png\");background-position:center center;background-size:cover;}.elementor-186 .elementor-element.elementor-element-37669c50::before, .elementor-186 .elementor-element.elementor-element-37669c50 > .elementor-background-video-container::before, .elementor-186 .elementor-element.elementor-element-37669c50 > .e-con-inner > .elementor-background-video-container::before, .elementor-186 .elementor-element.elementor-element-37669c50 > .elementor-background-slideshow::before, .elementor-186 .elementor-element.elementor-element-37669c50 > .e-con-inner > .elementor-background-slideshow::before, .elementor-186 .elementor-element.elementor-element-37669c50 > .elementor-motion-effects-container > .elementor-motion-effects-layer::before{--background-overlay:'';background-color:#0F0F0FA8;}.elementor-186 .elementor-element.elementor-element-37669c50.e-con{--align-self:center;}.elementor-186 .elementor-element.elementor-element-2524a955{--display:flex;--gap:0px 0px;--row-gap:0px;--column-gap:0px;--padding-top:80px;--padding-bottom:60px;--padding-left:0px;--padding-right:0px;}.elementor-186 .elementor-element.elementor-element-c6c2840{text-align:center;}.elementor-186 .elementor-element.elementor-element-c6c2840 .elementor-heading-title{font-family:\"Playfair Display\", Sans-serif;font-size:80px;font-weight:500;text-transform:none;font-style:normal;text-decoration:none;line-height:1.15em;letter-spacing:-0.02em;color:var( --e-global-color-f0e0728 );}.elementor-186 .elementor-element.elementor-element-c6c2840 > .elementor-widget-container{margin:0px 0px 28px 0px;}.elementor-186 .elementor-element.elementor-element-56bef8a0{text-align:center;color:#FFFFFFC2;width:var( --container-widget-width, 55% );max-width:55%;--container-widget-width:55%;--container-widget-flex-grow:0;}.elementor-186 .elementor-element.elementor-element-56bef8a0.elementor-element{--align-self:center;}.elementor-186 .elementor-element.elementor-element-5c68475{--display:flex;--flex-direction:row;--container-widget-width:calc( ( 1 - var( --container-widget-flex-grow ) ) * 100% );--container-widget-height:100%;--container-widget-flex-grow:1;--container-widget-align-self:stretch;--flex-wrap-mobile:wrap;--align-items:center;--gap:30px 30px;--row-gap:30px;--column-gap:30px;--margin-top:100px;--margin-bottom:90px;--margin-left:0px;--margin-right:0px;--padding-top:0px;--padding-bottom:0px;--padding-left:20px;--padding-right:20px;}.elementor-186 .elementor-element.elementor-element-22f52e25{--display:flex;--gap:0px 0px;--row-gap:0px;--column-gap:0px;--margin-top:0px;--margin-bottom:0px;--margin-left:20px;--margin-right:0px;--padding-top:0px;--padding-bottom:0px;--padding-left:0px;--padding-right:0px;}.elementor-186 .elementor-element.elementor-element-4bf1971d .elementor-heading-title{font-family:\"Playfair Display\", Sans-serif;font-size:56px;font-weight:500;text-transform:none;font-style:normal;text-decoration:none;line-height:1.15em;letter-spacing:-0.02em;color:var( --e-global-color-text );}.elementor-186 .elementor-element.elementor-element-4bf1971d > .elementor-widget-container{margin:0px 0px 28px 0px;}.elementor-186 .elementor-element.elementor-element-46436898{text-align:end;width:auto;max-width:auto;}.elementor-186 .elementor-element.elementor-element-46436898 img{width:1000px;max-width:480px;height:480px;object-fit:cover;object-position:center center;border-radius:25px 25px 25px 25px;}.elementor-186 .elementor-element.elementor-element-46436898 > .elementor-widget-container{margin:0px 0px 0px 0px;padding:0px 0px 0px 0px;}.elementor-186 .elementor-element.elementor-element-46436898.elementor-element{--align-self:flex-start;}.elementor-186 .elementor-element.elementor-element-4d03c679{text-align:start;font-family:var( --e-global-typography-8437c3e-font-family ), Sans-serif;font-size:var( --e-global-typography-8437c3e-font-size );font-weight:var( --e-global-typography-8437c3e-font-weight );text-transform:var( --e-global-typography-8437c3e-text-transform );font-style:var( --e-global-typography-8437c3e-font-style );text-decoration:var( --e-global-typography-8437c3e-text-decoration );line-height:var( --e-global-typography-8437c3e-line-height );letter-spacing:var( --e-global-typography-8437c3e-letter-spacing );word-spacing:var( --e-global-typography-8437c3e-word-spacing );color:#0E0E0EBF;}.elementor-186 .elementor-element.elementor-element-4d03c679 > .elementor-widget-container{margin:0px 80px 28px 0px;}.elementor-186 .elementor-element.elementor-element-4e5f19c3{--display:flex;--gap:0px 0px;--row-gap:0px;--column-gap:0px;--border-radius:25px 25px 25px 25px;--padding-top:0px;--padding-bottom:0px;--padding-left:0px;--padding-right:0px;}.elementor-186 .elementor-element.elementor-element-4e5f19c3.e-con{--flex-grow:0;--flex-shrink:0;}.elementor-186 .elementor-element.elementor-element-27f8911{text-align:end;width:auto;max-width:auto;}.elementor-186 .elementor-element.elementor-element-27f8911 img{width:1000px;max-width:480px;height:480px;object-fit:cover;object-position:center center;border-radius:25px 25px 25px 25px;}.elementor-186 .elementor-element.elementor-element-27f8911 > .elementor-widget-container{margin:0px 0px 0px 0px;padding:0px 0px 0px 0px;}.elementor-186 .elementor-element.elementor-element-27f8911.elementor-element{--align-self:flex-start;}@media(min-width:768px){.elementor-186 .elementor-element.elementor-element-37669c50{--content-width:1240px;}.elementor-186 .elementor-element.elementor-element-5c68475{--content-width:1240px;}.elementor-186 .elementor-element.elementor-element-4e5f19c3{--width:50%;}}@media(max-width:1024px){.elementor-186 .elementor-element.elementor-element-37669c50{--min-height:400px;--padding-top:0px;--padding-bottom:0px;--padding-left:40px;--padding-right:40px;}.elementor-186 .elementor-element.elementor-element-c6c2840 .elementor-heading-title{font-size:72px;line-height:1.15em;letter-spacing:-0.02em;}.elementor-186 .elementor-element.elementor-element-56bef8a0{--container-widget-width:90%;--container-widget-flex-grow:0;width:var( --container-widget-width, 90% );max-width:90%;}.elementor-186 .elementor-element.elementor-element-5c68475{--margin-top:70px;--margin-bottom:70px;--margin-left:0px;--margin-right:0px;--padding-top:0px;--padding-bottom:0px;--padding-left:40px;--padding-right:40px;}.elementor-186 .elementor-element.elementor-element-5c68475.e-con{--align-self:center;}.elementor-186 .elementor-element.elementor-element-22f52e25{--padding-top:0px;--padding-bottom:0px;--padding-left:0px;--padding-right:60px;}.elementor-186 .elementor-element.elementor-element-4bf1971d .elementor-heading-title{font-size:44px;line-height:1.15em;letter-spacing:-0.02em;}.elementor-186 .elementor-element.elementor-element-4bf1971d > .elementor-widget-container{padding:0px 0px 0px 0px;}.elementor-186 .elementor-element.elementor-element-46436898 img{max-width:95%;height:400px;}.elementor-186 .elementor-element.elementor-element-46436898 > .elementor-widget-container{margin:0px 0px 0px 0px;}.elementor-186 .elementor-element.elementor-element-46436898.elementor-element{--align-self:flex-end;}.elementor-186 .elementor-element.elementor-element-4d03c679{font-size:var( --e-global-typography-8437c3e-font-size );line-height:var( --e-global-typography-8437c3e-line-height );letter-spacing:var( --e-global-typography-8437c3e-letter-spacing );word-spacing:var( --e-global-typography-8437c3e-word-spacing );}.elementor-186 .elementor-element.elementor-element-4d03c679 > .elementor-widget-container{padding:0px 0px 0px 0px;}.elementor-186 .elementor-element.elementor-element-4e5f19c3{--padding-top:10px;--padding-bottom:0px;--padding-left:40px;--padding-right:0px;}.elementor-186 .elementor-element.elementor-element-27f8911 img{max-width:95%;height:400px;}.elementor-186 .elementor-element.elementor-element-27f8911 > .elementor-widget-container{margin:0px 0px 0px 0px;}.elementor-186 .elementor-element.elementor-element-27f8911.elementor-element{--align-self:flex-end;}}@media(max-width:767px){.elementor-186 .elementor-element.elementor-element-37669c50{--min-height:0px;--padding-top:0px;--padding-bottom:0px;--padding-left:20px;--padding-right:20px;}.elementor-186 .elementor-element.elementor-element-2524a955{--padding-top:100px;--padding-bottom:40px;--padding-left:0px;--padding-right:0px;}.elementor-186 .elementor-element.elementor-element-c6c2840 .elementor-heading-title{font-size:45px;line-height:1.15em;letter-spacing:-0.02em;}.elementor-186 .elementor-element.elementor-element-c6c2840 > .elementor-widget-container{margin:90px 0px 30px 0px;}.elementor-186 .elementor-element.elementor-element-56bef8a0{width:100%;max-width:100%;}.elementor-186 .elementor-element.elementor-element-5c68475{--margin-top:35px;--margin-bottom:0px;--margin-left:0px;--margin-right:0px;--padding-top:0px;--padding-bottom:0px;--padding-left:0px;--padding-right:0px;}.elementor-186 .elementor-element.elementor-element-5c68475.e-con{--align-self:center;}.elementor-186 .elementor-element.elementor-element-22f52e25{--margin-top:0px;--margin-bottom:0px;--margin-left:0px;--margin-right:0px;--padding-top:0px;--padding-bottom:0px;--padding-left:0px;--padding-right:0px;}.elementor-186 .elementor-element.elementor-element-4bf1971d{text-align:center;}.elementor-186 .elementor-element.elementor-element-4bf1971d .elementor-heading-title{font-size:30px;line-height:1.15em;letter-spacing:-0.02em;}.elementor-186 .elementor-element.elementor-element-4bf1971d > .elementor-widget-container{margin:0px 0px 30px 0px;}.elementor-186 .elementor-element.elementor-element-46436898 img{max-width:100%;height:350px;}.elementor-186 .elementor-element.elementor-element-46436898 > .elementor-widget-container{margin:0px 10px 40px 10px;}.elementor-186 .elementor-element.elementor-element-46436898.elementor-element{--align-self:center;}.elementor-186 .elementor-element.elementor-element-4d03c679{text-align:center;font-size:var( --e-global-typography-8437c3e-font-size );line-height:var( --e-global-typography-8437c3e-line-height );letter-spacing:var( --e-global-typography-8437c3e-letter-spacing );word-spacing:var( --e-global-typography-8437c3e-word-spacing );}.elementor-186 .elementor-element.elementor-element-4d03c679 > .elementor-widget-container{margin:0px 10px 40px 10px;}.elementor-186 .elementor-element.elementor-element-4e5f19c3{--padding-top:0px;--padding-bottom:0px;--padding-left:0px;--padding-right:0px;}.elementor-186 .elementor-element.elementor-element-27f8911 img{max-width:100%;height:350px;}.elementor-186 .elementor-element.elementor-element-27f8911.elementor-element{--align-self:center;}}<\/style>\t\t<div data-elementor-type=\"wp-page\" data-elementor-id=\"186\" class=\"elementor elementor-186\" data-elementor-post-type=\"page\">\n\t\t\t\t<div class=\"elementor-element elementor-element-37669c50 e-flex e-con-boxed e-con e-parent\" data-id=\"37669c50\" data-element_type=\"container\" data-e-type=\"container\" data-settings=\"{&quot;background_background&quot;:&quot;classic&quot;}\">\n\t\t\t\t\t<div class=\"e-con-inner\">\n\t\t<div class=\"elementor-element elementor-element-2524a955 e-con-full e-flex e-con e-child\" data-id=\"2524a955\" data-element_type=\"container\" data-e-type=\"container\">\n\t\t\t\t<div class=\"elementor-element elementor-element-c6c2840 elementor-invisible elementor-widget elementor-widget-heading\" data-id=\"c6c2840\" data-element_type=\"widget\" data-e-type=\"widget\" data-settings=\"{&quot;_animation&quot;:&quot;fadeIn&quot;}\" data-widget_type=\"heading.default\">\n\t\t\t\t<div class=\"elementor-widget-container\">\n\t\t\t\t\t<h2 class=\"elementor-heading-title elementor-size-default\">Caf\u00e9 da Manh\u00e3<\/h2>\t\t\t\t<\/div>\n\t\t\t\t<\/div>\n\t\t\t\t<div class=\"elementor-element elementor-element-56bef8a0 elementor-widget__width-initial elementor-widget-mobile__width-inherit elementor-invisible elementor-widget elementor-widget-text-editor\" data-id=\"56bef8a0\" data-element_type=\"widget\" data-e-type=\"widget\" data-settings=\"{&quot;_animation&quot;:&quot;fadeIn&quot;,&quot;_animation_delay&quot;:&quot;200&quot;}\" data-widget_type=\"text-editor.default\">\n\t\t\t\t<div class=\"elementor-widget-container\">\n\t\t\t\t\t\t\t\t\t<p>Incluso na sua estadia, nosso caf\u00e9 \u00e9 preparado com dedica\u00e7\u00e3o e servido em nosso acolhedor sal\u00e3o, projetado para proporcionar um in\u00edcio de dia acolhedor e delicioso.<\/p>\t\t\t\t\t\t\t\t<\/div>\n\t\t\t\t<\/div>\n\t\t\t\t<\/div>\n\t\t\t\t\t<\/div>\n\t\t\t\t<\/div>\n\t\t<div class=\"elementor-element elementor-element-5c68475 e-flex e-con-boxed e-con e-parent\" data-id=\"5c68475\" data-element_type=\"container\" data-e-type=\"container\">\n\t\t\t\t\t<div class=\"e-con-inner\">\n\t\t<div class=\"elementor-element elementor-element-22f52e25 e-con-full e-flex e-con e-child\" data-id=\"22f52e25\" data-element_type=\"container\" data-e-type=\"container\">\n\t\t\t\t<div class=\"elementor-element elementor-element-4bf1971d elementor-invisible elementor-widget elementor-widget-heading\" data-id=\"4bf1971d\" data-element_type=\"widget\" data-e-type=\"widget\" data-settings=\"{&quot;_animation&quot;:&quot;fadeIn&quot;}\" data-widget_type=\"heading.default\">\n\t\t\t\t<div class=\"elementor-widget-container\">\n\t\t\t\t\t<h2 class=\"elementor-heading-title elementor-size-default\">Despertar com<br>Sabor Mineiro <\/h2>\t\t\t\t<\/div>\n\t\t\t\t<\/div>\n\t\t\t\t<div class=\"elementor-element elementor-element-46436898 elementor-widget__width-auto elementor-hidden-desktop elementor-invisible elementor-widget elementor-widget-image\" data-id=\"46436898\" data-element_type=\"widget\" data-e-type=\"widget\" data-settings=\"{&quot;_animation&quot;:&quot;fadeIn&quot;}\" data-widget_type=\"image.default\">\n\t\t\t\t<div class=\"elementor-widget-container\">\n\t\t\t\t\t\t\t\t\t\t\t\t\t\t\t<img fetchpriority=\"high\" decoding=\"async\" width=\"480\" height=\"500\" src=\"https:\/\/pousadavilarejoplus.com.br\/wp-content\/uploads\/2024\/03\/imagem_cafe.png\" class=\"attachment-full size-full wp-image-2715\" alt=\"\" srcset=\"https:\/\/pousadavilarejoplus.com.br\/wp-content\/uploads\/2024\/03\/imagem_cafe.png 480w, https:\/\/pousadavilarejoplus.com.br\/wp-content\/uploads\/2024\/03\/imagem_cafe-288x300.png 288w\" sizes=\"(max-width: 480px) 100vw, 480px\" \/>\t\t\t\t\t\t\t\t\t\t\t\t\t\t\t<\/div>\n\t\t\t\t<\/div>\n\t\t\t\t<div class=\"elementor-element elementor-element-4d03c679 elementor-invisible elementor-widget elementor-widget-text-editor\" data-id=\"4d03c679\" data-element_type=\"widget\" data-e-type=\"widget\" data-settings=\"{&quot;_animation&quot;:&quot;fadeIn&quot;,&quot;_animation_delay&quot;:&quot;200&quot;}\" data-widget_type=\"text-editor.default\">\n\t\t\t\t<div class=\"elementor-widget-container\">\n\t\t\t\t\t\t\t\t\t<p>Na Pousada Vilarejo Plus, cada manh\u00e3 \u00e9 uma oportunidade para vivenciar os sabores aut\u00eanticos de Minas Gerais. Nosso caf\u00e9 da manh\u00e3, \u00e9 uma celebra\u00e7\u00e3o da culin\u00e1ria local, apresenta uma sele\u00e7\u00e3o criteriosa de frutas da esta\u00e7\u00e3o, p\u00e3es artesanais e iguarias t\u00edpicas.<\/p><p>Delicie-se com nosso p\u00e3o de queijo, doces tradicionais e o frescor do queijo minas, al\u00e9m de pratos preparados na hora, como omeletes personalizados e uma variedade de sucos naturais.<\/p><p><strong>Hor\u00e1rios Dedicados \u00e0 Sua Experi\u00eancia Gastron\u00f4mica:<\/strong><\/p><ul><li><strong>Caf\u00e9 da Manh\u00e3<\/strong>: Das 8:30 \u00e0s 10:30h, comece seu dia conosco.<\/li><li><strong>Servi\u00e7o de Copa<\/strong>: A partir das 11:00 at\u00e9 21:00h, dispon\u00edvel para lanches e bebidas.<\/li><li><strong>Restaurante<\/strong>: Aberto para refei\u00e7\u00f5es completas e petiscos, nosso restaurante \u00e9 o local ideal para saborear as del\u00edcias mineiras ao longo do dia.<\/li><\/ul>\t\t\t\t\t\t\t\t<\/div>\n\t\t\t\t<\/div>\n\t\t\t\t<\/div>\n\t\t<div class=\"elementor-element elementor-element-4e5f19c3 e-con-full e-flex e-con e-child\" data-id=\"4e5f19c3\" data-element_type=\"container\" data-e-type=\"container\">\n\t\t\t\t<div class=\"elementor-element elementor-element-27f8911 elementor-widget__width-auto elementor-hidden-tablet elementor-hidden-mobile elementor-invisible elementor-widget elementor-widget-image\" data-id=\"27f8911\" data-element_type=\"widget\" data-e-type=\"widget\" data-settings=\"{&quot;_animation&quot;:&quot;fadeIn&quot;}\" data-widget_type=\"image.default\">\n\t\t\t\t<div class=\"elementor-widget-container\">\n\t\t\t\t\t\t\t\t\t\t\t\t\t\t\t<img fetchpriority=\"high\" decoding=\"async\" width=\"480\" height=\"500\" src=\"https:\/\/pousadavilarejoplus.com.br\/wp-content\/uploads\/2024\/03\/imagem_cafe.png\" class=\"attachment-full size-full wp-image-2715\" alt=\"\" srcset=\"https:\/\/pousadavilarejoplus.com.br\/wp-content\/uploads\/2024\/03\/imagem_cafe.png 480w, https:\/\/pousadavilarejoplus.com.br\/wp-content\/uploads\/2024\/03\/imagem_cafe-288x300.png 288w\" sizes=\"(max-width: 480px) 100vw, 480px\" \/>\t\t\t\t\t\t\t\t\t\t\t\t\t\t\t<\/div>\n\t\t\t\t<\/div>\n\t\t\t\t<\/div>\n\t\t\t\t\t<\/div>\n\t\t\t\t<\/div>\n\t\t\t\t<\/div>\n\t\t","protected":false},"excerpt":{"rendered":"<p>Caf\u00e9 da Manh\u00e3 Incluso na sua estadia, nosso caf\u00e9 \u00e9 preparado com dedica\u00e7\u00e3o e servido em nosso acolhedor sal\u00e3o, projetado para proporcionar um in\u00edcio de dia acolhedor e delicioso. Despertar comSabor Mineiro Na Pousada Vilarejo Plus, cada manh\u00e3 \u00e9 uma oportunidade para vivenciar os sabores aut\u00eanticos de Minas Gerais. Nosso caf\u00e9 da manh\u00e3, \u00e9 uma [&hellip;]<\/p>\n","protected":false},"author":1,"featured_media":0,"parent":0,"menu_order":0,"comment_status":"closed","ping_status":"closed","template":"elementor_header_footer","meta":{"footnotes":""},"class_list":["post-186","page","type-page","status-publish","hentry"],"_links":{"self":[{"href":"https:\/\/pousadavilarejoplus.com.br\/index.php\/wp-json\/wp\/v2\/pages\/186","targetHints":{"allow":["GET"]}}],"collection":[{"href":"https:\/\/pousadavilarejoplus.com.br\/index.php\/wp-json\/wp\/v2\/pages"}],"about":[{"href":"https:\/\/pousadavilarejoplus.com.br\/index.php\/wp-json\/wp\/v2\/types\/page"}],"author":[{"embeddable":true,"href":"https:\/\/pousadavilarejoplus.com.br\/index.php\/wp-json\/wp\/v2\/users\/1"}],"replies":[{"embeddable":true,"href":"https:\/\/pousadavilarejoplus.com.br\/index.php\/wp-json\/wp\/v2\/comments?post=186"}],"version-history":[{"count":58,"href":"https:\/\/pousadavilarejoplus.com.br\/index.php\/wp-json\/wp\/v2\/pages\/186\/revisions"}],"predecessor-version":[{"id":3241,"href":"https:\/\/pousadavilarejoplus.com.br\/index.php\/wp-json\/wp\/v2\/pages\/186\/revisions\/3241"}],"wp:attachment":[{"href":"https:\/\/pousadavilarejoplus.com.br\/index.php\/wp-json\/wp\/v2\/media?parent=186"}],"curies":[{"name":"wp","href":"https:\/\/api.w.org\/{rel}","templated":true}]}}